{"id":722,"date":"2018-06-14T12:52:48","date_gmt":"2018-06-14T11:52:48","guid":{"rendered":"http:\/\/www.piscinasadosados.com\/501aqua\/?page_id=722"},"modified":"2022-06-06T18:50:46","modified_gmt":"2022-06-06T18:50:46","slug":"deck-tarima-piscina","status":"publish","type":"page","link":"https:\/\/www.piscinasadosados.com\/501aqua\/deck-tarima-piscina\/","title":{"rendered":"Deck"},"content":{"rendered":"\n<p>Aunque la mayor\u00eda de la gente dice que una piscina en el suelo es m\u00e1s atractiva, una piscina sobre el suelo, puede ser igual o m\u00e1s atractiva y funcional, a\u00f1adiendo un deck o estructura elevada con tarima alrededor de la piscina.<\/p>\n\n\n\n<p>En muchos pa\u00edses, es una pr\u00e1ctica muy extendida y habitual. En 501 Aqua, construimos decks que les ofrecer\u00e1n un acceso c\u00f3modo y seguro llegando hasta el borde de su piscina. Para su construcci\u00f3n utilizamos vigas de pino con tratamiento autoclave IV sobre las que instalamos la tarima.<\/p>\n\n\n\n<p>En t\u00e9rminos de dise\u00f1o, el deck &nbsp;puede bordear solo una secci\u00f3n de la piscina, ir a la mitad o rodear toda la piscina.&nbsp;La superficie debe ser lo suficientemente ancha para caminar de manera segura y despu\u00e9s de eso, depende de su imaginaci\u00f3n.&nbsp;Siempre es una buena idea tener al menos un \u00e1rea m\u00e1s amplia para tomar el sol, relajarse y vigilar a los ni\u00f1os.<\/p>\n\n\n\n<figure class=\"wp-block-image size-large\"><img loading=\"lazy\" decoding=\"async\" width=\"1024\" height=\"438\" src=\"https:\/\/www.piscinasadosados.com\/501aqua\/wp-content\/uploads\/2022\/06\/deck-a-medida-2-1024x438.jpg\" alt=\"\" class=\"wp-image-1626\" srcset=\"https:\/\/www.piscinasadosados.com\/501aqua\/wp-content\/uploads\/2022\/06\/deck-a-medida-2-1024x438.jpg 1024w, https:\/\/www.piscinasadosados.com\/501aqua\/wp-content\/uploads\/2022\/06\/deck-a-medida-2-300x128.jpg 300w, https:\/\/www.piscinasadosados.com\/501aqua\/wp-content\/uploads\/2022\/06\/deck-a-medida-2-768x328.jpg 768w, https:\/\/www.piscinasadosados.com\/501aqua\/wp-content\/uploads\/2022\/06\/deck-a-medida-2-600x257.jpg 600w, https:\/\/www.piscinasadosados.com\/501aqua\/wp-content\/uploads\/2022\/06\/deck-a-medida-2.jpg 1169w\" sizes=\"(max-width: 1024px) 100vw, 1024px\" \/><\/figure>\n\n\n\n<figure class=\"wp-block-image size-large\"><img loading=\"lazy\" decoding=\"async\" width=\"1024\" height=\"438\" src=\"https:\/\/www.piscinasadosados.com\/501aqua\/wp-content\/uploads\/2022\/06\/diapo-9-deck-1024x438.jpg\" alt=\"\" class=\"wp-image-1629\" srcset=\"https:\/\/www.piscinasadosados.com\/501aqua\/wp-content\/uploads\/2022\/06\/diapo-9-deck-1024x438.jpg 1024w, https:\/\/www.piscinasadosados.com\/501aqua\/wp-content\/uploads\/2022\/06\/diapo-9-deck-300x128.jpg 300w, https:\/\/www.piscinasadosados.com\/501aqua\/wp-content\/uploads\/2022\/06\/diapo-9-deck-768x328.jpg 768w, https:\/\/www.piscinasadosados.com\/501aqua\/wp-content\/uploads\/2022\/06\/diapo-9-deck-600x256.jpg 600w, https:\/\/www.piscinasadosados.com\/501aqua\/wp-content\/uploads\/2022\/06\/diapo-9-deck.jpg 1170w\" sizes=\"(max-width: 1024px) 100vw, 1024px\" \/><\/figure>\n\n\n\n<figure class=\"wp-block-image size-large\"><img loading=\"lazy\" decoding=\"async\" width=\"1024\" height=\"438\" src=\"https:\/\/www.piscinasadosados.com\/501aqua\/wp-content\/uploads\/2022\/06\/diapo-2-deck-1024x438.jpg\" alt=\"\" class=\"wp-image-1631\" srcset=\"https:\/\/www.piscinasadosados.com\/501aqua\/wp-content\/uploads\/2022\/06\/diapo-2-deck-1024x438.jpg 1024w, https:\/\/www.piscinasadosados.com\/501aqua\/wp-content\/uploads\/2022\/06\/diapo-2-deck-300x128.jpg 300w, https:\/\/www.piscinasadosados.com\/501aqua\/wp-content\/uploads\/2022\/06\/diapo-2-deck-768x328.jpg 768w, https:\/\/www.piscinasadosados.com\/501aqua\/wp-content\/uploads\/2022\/06\/diapo-2-deck-600x256.jpg 600w, https:\/\/www.piscinasadosados.com\/501aqua\/wp-content\/uploads\/2022\/06\/diapo-2-deck.jpg 1170w\" sizes=\"(max-width: 1024px) 100vw, 1024px\" \/><\/figure>\n\n\n\n<p><span style=\"color: #003366;\"><em><strong>PISCINA DE ACERO 5 X 3,50 M SOBRE TERRAZA + DECK ALREDEDOR DE LA PISCINA<\/strong><\/em><\/span> <\/p>\n\n\n\nngg_shortcode_0_placeholder\n","protected":false},"excerpt":{"rendered":"<p>Aunque la mayor\u00eda de la gente dice que una piscina en el suelo es m\u00e1s atractiva, una piscina sobre el suelo, puede ser igual o m\u00e1s atractiva y funcional, a\u00f1adiendo un deck o estructura elevada con tarima alrededor de la piscina. En muchos pa\u00edses, es una pr\u00e1ctica muy extendida y habitual. En 501 Aqua, construimos [&hellip;]<\/p>\n","protected":false},"author":1,"featured_media":0,"parent":0,"menu_order":0,"comment_status":"closed","ping_status":"closed","template":"","meta":{"_coblocks_attr":"","_coblocks_dimensions":"","_coblocks_responsive_height":"","_coblocks_accordion_ie_support":"","ngg_post_thumbnail":0,"footnotes":""},"class_list":["post-722","page","type-page","status-publish","czr-hentry"],"_links":{"self":[{"href":"https:\/\/www.piscinasadosados.com\/501aqua\/wp-json\/wp\/v2\/pages\/722"}],"collection":[{"href":"https:\/\/www.piscinasadosados.com\/501aqua\/wp-json\/wp\/v2\/pages"}],"about":[{"href":"https:\/\/www.piscinasadosados.com\/501aqua\/wp-json\/wp\/v2\/types\/page"}],"author":[{"embeddable":true,"href":"https:\/\/www.piscinasadosados.com\/501aqua\/wp-json\/wp\/v2\/users\/1"}],"replies":[{"embeddable":true,"href":"https:\/\/www.piscinasadosados.com\/501aqua\/wp-json\/wp\/v2\/comments?post=722"}],"version-history":[{"count":4,"href":"https:\/\/www.piscinasadosados.com\/501aqua\/wp-json\/wp\/v2\/pages\/722\/revisions"}],"predecessor-version":[{"id":1632,"href":"https:\/\/www.piscinasadosados.com\/501aqua\/wp-json\/wp\/v2\/pages\/722\/revisions\/1632"}],"wp:attachment":[{"href":"https:\/\/www.piscinasadosados.com\/501aqua\/wp-json\/wp\/v2\/media?parent=722"}],"curies":[{"name":"wp","href":"https:\/\/api.w.org\/{rel}","templated":true}]}}