{"id":1363,"date":"2022-03-17T19:54:14","date_gmt":"2022-03-17T19:54:14","guid":{"rendered":"http:\/\/www.piscinasadosados.com\/501aqua\/?post_type=product&#038;p=1363"},"modified":"2022-03-17T20:02:18","modified_gmt":"2022-03-17T20:02:18","slug":"piscina-gre-fidji-ovalada-120-cms-de-altura","status":"publish","type":"product","link":"https:\/\/www.piscinasadosados.com\/501aqua\/producto\/piscina-gre-fidji-ovalada-120-cms-de-altura\/","title":{"rendered":"Piscina Gre Fidji ovalada 120 cms de altura"},"content":{"rendered":"<h1><span style=\"font-family: Georgia, Georgia, serif; font-weight: inherit;\">Serie FIDJI ovalada 120 cms de altura&nbsp;<\/span><\/h1>\n<div class=\"h1online\">\n<p><span style=\"font-family: Verdana, Geneva, sans-serif; font-weight: inherit;\">La piscina elevada de acero blanco <\/span><em style=\"font-family: Verdana, Geneva, sans-serif; font-weight: inherit;\"><b><u>de la serie FIDJI ovalada<\/u><\/b><\/em><span style=\"font-family: Verdana, Geneva, sans-serif; font-weight: inherit;\">&nbsp;se instala f\u00e1cilmente sin necesidad de realizar trabajos de excavaci\u00f3n y se acopla a cualquier lugar gracias a su gran durabilidad.<\/span><\/p>\n<p><strong>Montaje:<\/strong>&nbsp;Ver condiciones en informaci\u00f3n adicional<\/p>\n<\/div>\n<div class=\"descripcion\">\n<p><u>Caracter\u00edsticas<\/u>:<\/p>\n<ul>\n<li>Es una piscina redonda de pared de acero blanco&nbsp;con postes laterales.<\/li>\n<li>Disponible en 4 medidas: 500&#215;300 (KIT500ECO), 610&#215;375 (KIT610ECO), 730&#215;375 (KIT730ECO) y 800&#215;470 (KIT810ECO).<\/li>\n<li>Liner PVC azul 30\/100 (KIT500ECO), azul 40\/100 (KIT610ECO y KIT730ECO)&nbsp;o imitaci\u00f3n gresite 50\/100 (KIT810ECO).<\/li>\n<li>Perfiler\u00eda de acero.<\/li>\n<li>Protectores de inyecci\u00f3n.<\/li>\n<\/ul>\n<p><u>Equipamiento<\/u>:<\/p>\n<ul>\n<li>Depuradora de arena que incluye conjunto de skimmer, mangueras de conexi\u00f3n y arena s\u00edlex.<\/li>\n<li>Escalera de &nbsp;seguridad + 2&#215;3 pelda\u00f1os.<\/li>\n<\/ul>\n<\/div>\n<div id=\"short_description_block\">\n<div class=\"iconcitos\">\n<p><img loading=\"lazy\" decoding=\"async\" class=\"alignnone size-full wp-image-983\" src=\"https:\/\/www.piscinasadosados.com\/501aqua\/wp-content\/uploads\/2018\/02\/tabla-ovalada-fidji-2020.png\" alt=\"\" width=\"1200\" height=\"344\" srcset=\"https:\/\/www.piscinasadosados.com\/501aqua\/wp-content\/uploads\/2018\/02\/tabla-ovalada-fidji-2020.png 1200w, https:\/\/www.piscinasadosados.com\/501aqua\/wp-content\/uploads\/2018\/02\/tabla-ovalada-fidji-2020-600x172.png 600w, https:\/\/www.piscinasadosados.com\/501aqua\/wp-content\/uploads\/2018\/02\/tabla-ovalada-fidji-2020-300x86.png 300w, https:\/\/www.piscinasadosados.com\/501aqua\/wp-content\/uploads\/2018\/02\/tabla-ovalada-fidji-2020-1024x294.png 1024w, https:\/\/www.piscinasadosados.com\/501aqua\/wp-content\/uploads\/2018\/02\/tabla-ovalada-fidji-2020-768x220.png 768w\" sizes=\"(max-width: 1200px) 100vw, 1200px\" \/><\/p>\n<\/div>\n<div class=\"ficha f_archivos\">\n<p><strong>Piscina y escalera de seguridad certificadas a las Normas Europeas:<br \/>\nEN 16582-1:2015 y EN 16582-3:2015<\/strong><\/p>\n<p><strong>4 a\u00f1os de garant\u00eda en la estructura met\u00e1lica.<\/strong><\/p>\n<\/div>\n<\/div>\n","protected":false},"excerpt":{"rendered":"<p>Serie FIDJI ovalada 120 cms de altura&nbsp; La piscina elevada de acero blanco de la serie FIDJI ovalada&nbsp;se instala f\u00e1cilmente sin necesidad de realizar trabajos de excavaci\u00f3n y se acopla a cualquier lugar gracias a su gran durabilidad. Montaje:&nbsp;Ver condiciones en informaci\u00f3n adicional Caracter\u00edsticas: Es una piscina redonda de pared de acero blanco&nbsp;con postes laterales. [&hellip;]<\/p>\n","protected":false},"featured_media":508,"template":"","meta":{"_coblocks_attr":"","_coblocks_dimensions":"","_coblocks_responsive_height":"","_coblocks_accordion_ie_support":"","ngg_post_thumbnail":0},"product_cat":[20],"product_tag":[],"class_list":{"0":"post-1363","1":"product","2":"type-product","3":"status-publish","4":"has-post-thumbnail","6":"product_cat-acero-blanco","8":"first","9":"instock","10":"taxable","11":"shipping-taxable","12":"purchasable","13":"product-type-variable","14":"czr-hentry"},"_links":{"self":[{"href":"https:\/\/www.piscinasadosados.com\/501aqua\/wp-json\/wp\/v2\/product\/1363"}],"collection":[{"href":"https:\/\/www.piscinasadosados.com\/501aqua\/wp-json\/wp\/v2\/product"}],"about":[{"href":"https:\/\/www.piscinasadosados.com\/501aqua\/wp-json\/wp\/v2\/types\/product"}],"wp:featuredmedia":[{"embeddable":true,"href":"https:\/\/www.piscinasadosados.com\/501aqua\/wp-json\/wp\/v2\/media\/508"}],"wp:attachment":[{"href":"https:\/\/www.piscinasadosados.com\/501aqua\/wp-json\/wp\/v2\/media?parent=1363"}],"wp:term":[{"taxonomy":"product_cat","embeddable":true,"href":"https:\/\/www.piscinasadosados.com\/501aqua\/wp-json\/wp\/v2\/product_cat?post=1363"},{"taxonomy":"product_tag","embeddable":true,"href":"https:\/\/www.piscinasadosados.com\/501aqua\/wp-json\/wp\/v2\/product_tag?post=1363"}],"curies":[{"name":"wp","href":"https:\/\/api.w.org\/{rel}","templated":true}]}}