{"id":1376,"date":"2022-03-17T20:05:12","date_gmt":"2022-03-17T20:05:12","guid":{"rendered":"http:\/\/www.piscinasadosados.com\/501aqua\/?post_type=product&#038;p=1376"},"modified":"2023-04-11T19:26:40","modified_gmt":"2023-04-11T19:26:40","slug":"piscina-gre-atlantis-ovalada-132-cms-de-altura","status":"publish","type":"product","link":"https:\/\/www.piscinasadosados.com\/501aqua\/producto\/piscina-gre-atlantis-ovalada-132-cms-de-altura\/","title":{"rendered":"Piscina Gre Atlantis ovalada 132 cms de altura"},"content":{"rendered":"<h1><span style=\"font-family: Georgia, Georgia, serif; font-weight: inherit;\">Serie ATLANTIS ovalada 132 cms de altura<\/span><\/h1>\n<div class=\"h1online\">\n<p><span style=\"font-family: Verdana, Geneva, sans-serif; font-weight: inherit;\">La piscina elevada de acero blanco <\/span><em style=\"font-family: Verdana, Geneva, sans-serif; font-weight: inherit;\"><b><u>de la serie ATLANTIS ovalada<\/u><\/b><\/em><span style=\"font-family: Verdana, Geneva, sans-serif; font-weight: inherit;\">&nbsp;se instala f\u00e1cilmente sin necesidad de realizar trabajos de excavaci\u00f3n y se acopla a cualquier lugar gracias a su gran durabilidad.<\/span><\/p>\n<p><strong>Montaje:<\/strong>&nbsp;Ver condiciones en informaci\u00f3n adicional<\/p>\n<\/div>\n<div class=\"descripcion\">\n<p><u>Caracter\u00edsticas<\/u>:<\/p>\n<ul>\n<li>Es una piscina ovalada de pared de acero blanco con postes laterales.<\/li>\n<li>Disponible en 6 medidas: 500&#215;300 (KITPROV508), 610&#215;375 (KITPROV618), 730&#215;375 (KITPROV738), 800&#215;470 (KITPROV818), 915&#215;470 (KITPROV918) y 1000&#215;550 (KITPROV1028).<\/li>\n<li>Liner PVC azul 40\/100<\/li>\n<li>Perfiler\u00eda de acero.<\/li>\n<li>Protectores de inyecci\u00f3n.<\/li>\n<\/ul>\n<p><u>Equipamiento<\/u>:<\/p>\n<ul>\n<li>Depuradora de arena que incluye conjunto de skimmer, mangueras de conexi\u00f3n y arena s\u00edlex.<\/li>\n<li>Escalera de seguridad con plataforma&nbsp;y 6 pelda\u00f1os (3&#215;2)<\/li>\n<li>Tapiz de suelo (poli\u00e9ster).<\/li>\n<\/ul>\n<\/div>\n<div id=\"short_description_block\">\n<div class=\"iconcitos\">\n<p><img loading=\"lazy\" decoding=\"async\" class=\"alignnone size-full wp-image-982\" src=\"https:\/\/www.piscinasadosados.com\/501aqua\/wp-content\/uploads\/2018\/02\/tabla-2020.png\" alt=\"\" width=\"1200\" height=\"398\" srcset=\"https:\/\/www.piscinasadosados.com\/501aqua\/wp-content\/uploads\/2018\/02\/tabla-2020.png 1200w, https:\/\/www.piscinasadosados.com\/501aqua\/wp-content\/uploads\/2018\/02\/tabla-2020-600x199.png 600w, https:\/\/www.piscinasadosados.com\/501aqua\/wp-content\/uploads\/2018\/02\/tabla-2020-300x100.png 300w, https:\/\/www.piscinasadosados.com\/501aqua\/wp-content\/uploads\/2018\/02\/tabla-2020-1024x340.png 1024w, https:\/\/www.piscinasadosados.com\/501aqua\/wp-content\/uploads\/2018\/02\/tabla-2020-768x255.png 768w\" sizes=\"(max-width: 1200px) 100vw, 1200px\" \/><\/p>\n<\/div>\n<div class=\"ficha f_archivos\">\n<p><strong>Piscina y escalera de seguridad certificadas a las Normas Europeas:<br \/>\nEN 16582-1:2015 y EN 16582-3:2015<\/strong><\/p>\n<p><strong>4 a\u00f1os de garant\u00eda en la estructura met\u00e1lica.<\/strong><\/p>\n<\/div>\n<\/div>\n","protected":false},"excerpt":{"rendered":"<p>Serie ATLANTIS ovalada 132 cms de altura La piscina elevada de acero blanco de la serie ATLANTIS ovalada&nbsp;se instala f\u00e1cilmente sin necesidad de realizar trabajos de excavaci\u00f3n y se acopla a cualquier lugar gracias a su gran durabilidad. Montaje:&nbsp;Ver condiciones en informaci\u00f3n adicional Caracter\u00edsticas: Es una piscina ovalada de pared de acero blanco con postes [&hellip;]<\/p>\n","protected":false},"featured_media":517,"template":"","meta":{"_coblocks_attr":"","_coblocks_dimensions":"","_coblocks_responsive_height":"","_coblocks_accordion_ie_support":"","ngg_post_thumbnail":0},"product_cat":[20],"product_tag":[],"class_list":{"0":"post-1376","1":"product","2":"type-product","3":"status-publish","4":"has-post-thumbnail","6":"product_cat-acero-blanco","8":"first","9":"instock","10":"taxable","11":"shipping-taxable","12":"purchasable","13":"product-type-variable","14":"czr-hentry"},"_links":{"self":[{"href":"https:\/\/www.piscinasadosados.com\/501aqua\/wp-json\/wp\/v2\/product\/1376"}],"collection":[{"href":"https:\/\/www.piscinasadosados.com\/501aqua\/wp-json\/wp\/v2\/product"}],"about":[{"href":"https:\/\/www.piscinasadosados.com\/501aqua\/wp-json\/wp\/v2\/types\/product"}],"wp:featuredmedia":[{"embeddable":true,"href":"https:\/\/www.piscinasadosados.com\/501aqua\/wp-json\/wp\/v2\/media\/517"}],"wp:attachment":[{"href":"https:\/\/www.piscinasadosados.com\/501aqua\/wp-json\/wp\/v2\/media?parent=1376"}],"wp:term":[{"taxonomy":"product_cat","embeddable":true,"href":"https:\/\/www.piscinasadosados.com\/501aqua\/wp-json\/wp\/v2\/product_cat?post=1376"},{"taxonomy":"product_tag","embeddable":true,"href":"https:\/\/www.piscinasadosados.com\/501aqua\/wp-json\/wp\/v2\/product_tag?post=1376"}],"curies":[{"name":"wp","href":"https:\/\/api.w.org\/{rel}","templated":true}]}}