{"id":1395,"date":"2022-03-17T20:17:44","date_gmt":"2022-03-17T20:17:44","guid":{"rendered":"http:\/\/www.piscinasadosados.com\/501aqua\/?post_type=product&#038;p=1395"},"modified":"2022-03-17T20:23:24","modified_gmt":"2022-03-17T20:23:24","slug":"piscina-gre-varadero-en-ocho-120-cms-de-altura","status":"publish","type":"product","link":"https:\/\/www.piscinasadosados.com\/501aqua\/producto\/piscina-gre-varadero-en-ocho-120-cms-de-altura\/","title":{"rendered":"Piscina Gre Varadero en ocho 120 cms de altura"},"content":{"rendered":"<h1><span style=\"font-family: Georgia, Georgia, serif; font-weight: inherit;\">Serie Varadero en ocho 120 cms de altura<\/span><\/h1>\n<div class=\"h1online\">\n<p><span style=\"font-family: Verdana, Geneva, sans-serif; font-weight: inherit;\">La piscina elevada de acero blanco <\/span><em style=\"font-family: Verdana, Geneva, sans-serif; font-weight: inherit;\"><b><u>de la serie VARADERO en ocho<\/u><\/b><\/em><span style=\"font-family: Verdana, Geneva, sans-serif; font-weight: inherit;\">&nbsp;se instala f\u00e1cilmente sin necesidad de realizar trabajos de excavaci\u00f3n y se acopla a cualquier lugar gracias a su gran durabilidad.<\/span><\/p>\n<p><strong>Montaje: <\/strong>Ver condiciones en informaci\u00f3n adicional<\/p>\n<\/div>\n<div class=\"descripcion\">\n<p><u>Caracter\u00edsticas<\/u>:<\/p>\n<ul>\n<li>Sistema de sujeci\u00f3n mediante vigas enterradas que&nbsp;elimina la necesidad de patas laterales.<\/li>\n<li>Disponible en 3 medidas: 500&#215;340 (KITPROV4870), 640&#215;390 (KITPROV6270)<\/li>\n<li>Liner PVC azul 40\/100<\/li>\n<li>Perfiler\u00eda de acero.<\/li>\n<li>Protectores de inyecci\u00f3n.<\/li>\n<\/ul>\n<p><u>Equipamiento<\/u>:<\/p>\n<ul>\n<li>Depuradora de arena que incluye conjunto de skimmer, mangueras de conexi\u00f3n y arena s\u00edlex.<\/li>\n<li>Escalera de &nbsp;seguridad + 2&#215;3 pelda\u00f1os.<\/li>\n<li>Tapiz de suelo (poli\u00e9ster).<\/li>\n<\/ul>\n<\/div>\n<div id=\"short_description_block\">\n<div class=\"iconcitos\">\n<p><img loading=\"lazy\" decoding=\"async\" class=\"alignnone size-full wp-image-529\" src=\"http:\/\/www.piscinasadosados.com\/501aqua\/wp-content\/uploads\/2018\/02\/tama\u00f1o-varadero.png\" alt=\"\" width=\"1100\" height=\"256\"><\/p>\n<\/div>\n<div class=\"ficha f_archivos\">\n<p><strong>Piscina y escalera de seguridad certificadas a las Normas Europeas:<br \/>\nEN 16582-1:2015 y EN 16582-3:2015<\/strong><\/p>\n<p><strong>4 a\u00f1os de garant\u00eda en la estructura met\u00e1lica.<\/strong><\/p>\n<\/div>\n<\/div>\n","protected":false},"excerpt":{"rendered":"<p>Serie Varadero en ocho 120 cms de altura La piscina elevada de acero blanco de la serie VARADERO en ocho&nbsp;se instala f\u00e1cilmente sin necesidad de realizar trabajos de excavaci\u00f3n y se acopla a cualquier lugar gracias a su gran durabilidad. Montaje: Ver condiciones en informaci\u00f3n adicional Caracter\u00edsticas: Sistema de sujeci\u00f3n mediante vigas enterradas que&nbsp;elimina la [&hellip;]<\/p>\n","protected":false},"featured_media":478,"template":"","meta":{"_coblocks_attr":"","_coblocks_dimensions":"","_coblocks_responsive_height":"","_coblocks_accordion_ie_support":"","ngg_post_thumbnail":0},"product_cat":[20],"product_tag":[],"class_list":{"0":"post-1395","1":"product","2":"type-product","3":"status-publish","4":"has-post-thumbnail","6":"product_cat-acero-blanco","8":"first","9":"instock","10":"taxable","11":"shipping-taxable","12":"purchasable","13":"product-type-variable","14":"czr-hentry"},"_links":{"self":[{"href":"https:\/\/www.piscinasadosados.com\/501aqua\/wp-json\/wp\/v2\/product\/1395"}],"collection":[{"href":"https:\/\/www.piscinasadosados.com\/501aqua\/wp-json\/wp\/v2\/product"}],"about":[{"href":"https:\/\/www.piscinasadosados.com\/501aqua\/wp-json\/wp\/v2\/types\/product"}],"wp:featuredmedia":[{"embeddable":true,"href":"https:\/\/www.piscinasadosados.com\/501aqua\/wp-json\/wp\/v2\/media\/478"}],"wp:attachment":[{"href":"https:\/\/www.piscinasadosados.com\/501aqua\/wp-json\/wp\/v2\/media?parent=1395"}],"wp:term":[{"taxonomy":"product_cat","embeddable":true,"href":"https:\/\/www.piscinasadosados.com\/501aqua\/wp-json\/wp\/v2\/product_cat?post=1395"},{"taxonomy":"product_tag","embeddable":true,"href":"https:\/\/www.piscinasadosados.com\/501aqua\/wp-json\/wp\/v2\/product_tag?post=1395"}],"curies":[{"name":"wp","href":"https:\/\/api.w.org\/{rel}","templated":true}]}}