{"id":1413,"date":"2022-03-18T10:22:30","date_gmt":"2022-03-18T10:22:30","guid":{"rendered":"http:\/\/www.piscinasadosados.com\/501aqua\/?post_type=product&#038;p=1413"},"modified":"2022-03-18T10:33:22","modified_gmt":"2022-03-18T10:33:22","slug":"cuadrada-composite-326x326x96-cms","status":"publish","type":"product","link":"https:\/\/www.piscinasadosados.com\/501aqua\/producto\/cuadrada-composite-326x326x96-cms\/","title":{"rendered":"Cuadrada composite 326x326x96 cms"},"content":{"rendered":"<h1><span style=\"font-family: Georgia, Georgia, serif; font-weight: inherit; color: #000080;\">Piscina cuadrada composite 326x326x96cms<\/span><\/h1>\n<p><span style=\"color: #000080;\"><strong>Caracter\u00edsticas y equipamiento:<\/strong><\/span><\/p>\n<div id=\"short_description_block\">\n<p>Las piscinas de composite est\u00e1n fabricadas de un nuevo material mezcla de madera y pol\u00edmeros; es muy resistente sin necesidad de mantenimiento y respetuoso con el medio ambiente<\/p>\n<p>\u2013 Dimensi\u00f3n exterior: 326 x 326 x 96 cm<\/p>\n<p>\u2013 Dimensi\u00f3n interior: 280 x 280 x 92 cm&nbsp;<\/p>\n<p>&#8211; Liner azul: 60\/100. El liner tiene un tratamiento anti-ultravioleta que retrasa el envejecimiento del P.V.C.<\/p>\n<p>&#8211; Depuradora de arena de 4 m\u00b3\/h<span style=\"font-family: Verdana, Geneva, sans-serif; font-weight: inherit;\">&nbsp;con bomba, filtro&nbsp;y v\u00e1lvula selectora (tambi\u00e9n incluye la arena de s\u00edlex).<\/span><\/p>\n<p>&#8211; Escalera exterior de composite y escalera interior de acero inoxidable.<\/p>\n<\/div>\n<div><span style=\"font-family: Verdana, Geneva, sans-serif; font-weight: inherit;\">&#8211; Skimmer de boca&nbsp;ampliada y v\u00e1lvula de retorno.<\/span><\/div>\n<div>&nbsp;<\/div>\n<div><span style=\"font-family: Verdana, Geneva, sans-serif; font-weight: inherit;\">&#8211; Manta protectora para el suelo de 110 g\/m\u00b2.<\/span><\/div>\n<div>&nbsp;<\/div>\n<div><img loading=\"lazy\" decoding=\"async\" class=\"alignnone size-full wp-image-926\" src=\"http:\/\/www.piscinasadosados.com\/501aqua\/wp-content\/uploads\/2018\/02\/caracter\u00edsticas-gre-rentangular-1.png\" alt=\"\" width=\"1200\" height=\"348\"><\/div>\n<div>&nbsp;<\/div>\n<div id=\"short_description_block\">\n<p>&nbsp;<\/p>\n<\/div>\n","protected":false},"excerpt":{"rendered":"<p>Piscina cuadrada composite 326x326x96cms Caracter\u00edsticas y equipamiento: Las piscinas de composite est\u00e1n fabricadas de un nuevo material mezcla de madera y pol\u00edmeros; es muy resistente sin necesidad de mantenimiento y respetuoso con el medio ambiente \u2013 Dimensi\u00f3n exterior: 326 x 326 x 96 cm \u2013 Dimensi\u00f3n interior: 280 x 280 x 92 cm&nbsp; &#8211; Liner [&hellip;]<\/p>\n","protected":false},"featured_media":937,"template":"","meta":{"_coblocks_attr":"","_coblocks_dimensions":"","_coblocks_responsive_height":"","_coblocks_accordion_ie_support":"","ngg_post_thumbnail":0},"product_cat":[18],"product_tag":[],"class_list":{"0":"post-1413","1":"product","2":"type-product","3":"status-publish","4":"has-post-thumbnail","6":"product_cat-composite","8":"first","9":"instock","10":"taxable","11":"shipping-taxable","12":"purchasable","13":"product-type-variable","14":"czr-hentry"},"_links":{"self":[{"href":"https:\/\/www.piscinasadosados.com\/501aqua\/wp-json\/wp\/v2\/product\/1413"}],"collection":[{"href":"https:\/\/www.piscinasadosados.com\/501aqua\/wp-json\/wp\/v2\/product"}],"about":[{"href":"https:\/\/www.piscinasadosados.com\/501aqua\/wp-json\/wp\/v2\/types\/product"}],"wp:featuredmedia":[{"embeddable":true,"href":"https:\/\/www.piscinasadosados.com\/501aqua\/wp-json\/wp\/v2\/media\/937"}],"wp:attachment":[{"href":"https:\/\/www.piscinasadosados.com\/501aqua\/wp-json\/wp\/v2\/media?parent=1413"}],"wp:term":[{"taxonomy":"product_cat","embeddable":true,"href":"https:\/\/www.piscinasadosados.com\/501aqua\/wp-json\/wp\/v2\/product_cat?post=1413"},{"taxonomy":"product_tag","embeddable":true,"href":"https:\/\/www.piscinasadosados.com\/501aqua\/wp-json\/wp\/v2\/product_tag?post=1413"}],"curies":[{"name":"wp","href":"https:\/\/api.w.org\/{rel}","templated":true}]}}