{"id":1420,"date":"2022-03-18T10:36:07","date_gmt":"2022-03-18T10:36:07","guid":{"rendered":"http:\/\/www.piscinasadosados.com\/501aqua\/?post_type=product&#038;p=1420"},"modified":"2022-03-18T10:41:13","modified_gmt":"2022-03-18T10:41:13","slug":"redonda-composite-o-410x124-cm","status":"publish","type":"product","link":"https:\/\/www.piscinasadosados.com\/501aqua\/producto\/redonda-composite-o-410x124-cm\/","title":{"rendered":"Redonda composite \u00d8 410&#215;124 cm"},"content":{"rendered":"<h1><span style=\"font-family: Georgia, Georgia, serif; font-weight: inherit; color: #000080;\">Piscina redonda composite: \u00d8 410&#215;124 cm <\/span><\/h1>\n<p><span style=\"color: #000080;\"><strong>Caracter\u00edsticas y equipamiento:<\/strong><\/span><\/p>\n<div id=\"short_description_block\">\n<p>Las piscinas de composite est\u00e1n fabricadas de un nuevo material mezcla de madera y pol\u00edmeros; es muy resistente sin necesidad de mantenimiento y respetuoso con el medio ambiente<\/p>\n<p>&#8211; Dimensi\u00f3n exterior: \u00d8 410&#215;124 cm<\/p>\n<p>&#8211; Dimensi\u00f3n interior: \u00d8 366&#215;124 cm<\/p>\n<p>&#8211; Liner azul: 60\/100. El liner tiene un tratamiento anti-ultravioleta que retrasa el envejecimiento del P.V.C.<\/p>\n<p>&#8211;&nbsp;Depuradora de arena de 3 m\u00b3\/h<span style=\"font-family: Verdana, Geneva, sans-serif; font-weight: inherit;\">&nbsp;con bomba, filtro&nbsp;y v\u00e1lvula selectora (tambi\u00e9n incluye la arena de s\u00edlex).<\/span><\/p>\n<p>&#8211; Escalera exterior de composite de 4 pelda\u00f1os y escalera interior de acero inoxidable de 3 pelda\u00f1os.<\/p>\n<\/div>\n<div><span style=\"font-family: Verdana, Geneva, sans-serif; font-weight: inherit;\">&#8211; Skimmer de boca&nbsp;ampliada y v\u00e1lvula de retorno.<\/span><\/div>\n<div>&nbsp;<\/div>\n<div><span style=\"font-family: Verdana, Geneva, sans-serif; font-weight: inherit;\">&#8211; Manta protectora para el suelo de 110 g\/m\u00b2.<\/span><\/div>\n<div>&nbsp;<\/div>\n<div id=\"short_description_block\">\n<p><img loading=\"lazy\" decoding=\"async\" class=\"alignnone size-full wp-image-923\" src=\"http:\/\/www.piscinasadosados.com\/501aqua\/wp-content\/uploads\/2018\/02\/caracter\u00edsticas-gre-redonda-410-1.png\" alt=\"\" width=\"1200\" height=\"146\"><\/p>\n<\/div>\n","protected":false},"excerpt":{"rendered":"<p>Piscina redonda composite: \u00d8 410&#215;124 cm Caracter\u00edsticas y equipamiento: Las piscinas de composite est\u00e1n fabricadas de un nuevo material mezcla de madera y pol\u00edmeros; es muy resistente sin necesidad de mantenimiento y respetuoso con el medio ambiente &#8211; Dimensi\u00f3n exterior: \u00d8 410&#215;124 cm &#8211; Dimensi\u00f3n interior: \u00d8 366&#215;124 cm &#8211; Liner azul: 60\/100. El liner [&hellip;]<\/p>\n","protected":false},"featured_media":571,"template":"","meta":{"_coblocks_attr":"","_coblocks_dimensions":"","_coblocks_responsive_height":"","_coblocks_accordion_ie_support":"","ngg_post_thumbnail":0},"product_cat":[18],"product_tag":[],"class_list":{"0":"post-1420","1":"product","2":"type-product","3":"status-publish","4":"has-post-thumbnail","6":"product_cat-composite","8":"first","9":"instock","10":"taxable","11":"shipping-taxable","12":"purchasable","13":"product-type-variable","14":"czr-hentry"},"_links":{"self":[{"href":"https:\/\/www.piscinasadosados.com\/501aqua\/wp-json\/wp\/v2\/product\/1420"}],"collection":[{"href":"https:\/\/www.piscinasadosados.com\/501aqua\/wp-json\/wp\/v2\/product"}],"about":[{"href":"https:\/\/www.piscinasadosados.com\/501aqua\/wp-json\/wp\/v2\/types\/product"}],"wp:featuredmedia":[{"embeddable":true,"href":"https:\/\/www.piscinasadosados.com\/501aqua\/wp-json\/wp\/v2\/media\/571"}],"wp:attachment":[{"href":"https:\/\/www.piscinasadosados.com\/501aqua\/wp-json\/wp\/v2\/media?parent=1420"}],"wp:term":[{"taxonomy":"product_cat","embeddable":true,"href":"https:\/\/www.piscinasadosados.com\/501aqua\/wp-json\/wp\/v2\/product_cat?post=1420"},{"taxonomy":"product_tag","embeddable":true,"href":"https:\/\/www.piscinasadosados.com\/501aqua\/wp-json\/wp\/v2\/product_tag?post=1420"}],"curies":[{"name":"wp","href":"https:\/\/api.w.org\/{rel}","templated":true}]}}