{"id":1440,"date":"2022-03-18T11:01:24","date_gmt":"2022-03-18T11:01:24","guid":{"rendered":"http:\/\/www.piscinasadosados.com\/501aqua\/?post_type=product&#038;p=1440"},"modified":"2022-03-18T11:11:59","modified_gmt":"2022-03-18T11:11:59","slug":"ovalada-composite","status":"publish","type":"product","link":"https:\/\/www.piscinasadosados.com\/501aqua\/producto\/ovalada-composite\/","title":{"rendered":"Ovalada composite"},"content":{"rendered":"<h1><span style=\"font-family: Georgia, Georgia, serif; font-weight: inherit; color: #000080;\">Piscina ovalada composite<\/span><\/h1>\n<p><span style=\"color: #000000;\">Piscina de composite con forma ovalada disponible en 3 medidas para adaptarse a todos los espacios disponibles.<\/span><\/p>\n<p><span style=\"color: #000080;\"><strong>Caracter\u00edsticas y equipamiento:<\/strong><\/span><\/p>\n<div id=\"short_description_block\">\n<p><span style=\"color: #000000;\">Las piscinas de composite est\u00e1n fabricadas de un nuevo material mezcla de madera y pol\u00edmeros; es muy resistente sin necesidad de mantenimiento y respetuoso con el medio ambiente<\/span><\/p>\n<p><span style=\"color: #000000;\">&#8211; Liner azul: 60\/100. El liner tiene un tratamiento anti-ultravioleta que retrasa el envejecimiento del P.V.C.<\/span><\/p>\n<p><span style=\"color: #000000;\">&#8211;&nbsp;Depuradora de arena <span style=\"font-family: Verdana, Geneva, sans-serif; font-weight: inherit;\">con bomba, filtro&nbsp;y v\u00e1lvula selectora (tambi\u00e9n incluye la arena de s\u00edlex).<\/span><\/span><\/p>\n<p><span style=\"color: #000000;\">&#8211; Escalera exterior de composite de 4 pelda\u00f1os y escalera interior de acero inoxidable de 3 pelda\u00f1os.<\/span><\/p>\n<\/div>\n<div><span style=\"font-family: Verdana, Geneva, sans-serif; font-weight: inherit; color: #000000;\">&#8211; Skimmer de boca&nbsp;ampliada y v\u00e1lvula de retorno.<\/span><\/div>\n<div><span style=\"color: #000000;\">&nbsp;<\/span><\/div>\n<div><span style=\"font-family: Verdana, Geneva, sans-serif; font-weight: inherit; color: #000000;\">&#8211; Manta protectora para el suelo de 110 g\/m\u00b2.<\/span><\/div>\n<div>&nbsp;<\/div>\n<div id=\"short_description_block\">\n<p><img loading=\"lazy\" decoding=\"async\" class=\"alignnone size-full wp-image-920\" src=\"http:\/\/www.piscinasadosados.com\/501aqua\/wp-content\/uploads\/2018\/02\/caracteristicas-gre-ovalada-1.png\" alt=\"\" width=\"1200\" height=\"286\" srcset=\"https:\/\/www.piscinasadosados.com\/501aqua\/wp-content\/uploads\/2018\/02\/caracteristicas-gre-ovalada-1.png 1200w, https:\/\/www.piscinasadosados.com\/501aqua\/wp-content\/uploads\/2018\/02\/caracteristicas-gre-ovalada-1-600x143.png 600w, https:\/\/www.piscinasadosados.com\/501aqua\/wp-content\/uploads\/2018\/02\/caracteristicas-gre-ovalada-1-300x72.png 300w, https:\/\/www.piscinasadosados.com\/501aqua\/wp-content\/uploads\/2018\/02\/caracteristicas-gre-ovalada-1-1024x244.png 1024w, https:\/\/www.piscinasadosados.com\/501aqua\/wp-content\/uploads\/2018\/02\/caracteristicas-gre-ovalada-1-768x183.png 768w\" sizes=\"(max-width: 1200px) 100vw, 1200px\" \/><\/p>\n<\/div>\n","protected":false},"excerpt":{"rendered":"<p>Piscina ovalada composite Piscina de composite con forma ovalada disponible en 3 medidas para adaptarse a todos los espacios disponibles. Caracter\u00edsticas y equipamiento: Las piscinas de composite est\u00e1n fabricadas de un nuevo material mezcla de madera y pol\u00edmeros; es muy resistente sin necesidad de mantenimiento y respetuoso con el medio ambiente &#8211; Liner azul: 60\/100. [&hellip;]<\/p>\n","protected":false},"featured_media":583,"template":"","meta":{"_coblocks_attr":"","_coblocks_dimensions":"","_coblocks_responsive_height":"","_coblocks_accordion_ie_support":"","ngg_post_thumbnail":0},"product_cat":[18],"product_tag":[],"class_list":{"0":"post-1440","1":"product","2":"type-product","3":"status-publish","4":"has-post-thumbnail","6":"product_cat-composite","8":"first","9":"instock","10":"taxable","11":"shipping-taxable","12":"purchasable","13":"product-type-variable","14":"czr-hentry"},"_links":{"self":[{"href":"https:\/\/www.piscinasadosados.com\/501aqua\/wp-json\/wp\/v2\/product\/1440"}],"collection":[{"href":"https:\/\/www.piscinasadosados.com\/501aqua\/wp-json\/wp\/v2\/product"}],"about":[{"href":"https:\/\/www.piscinasadosados.com\/501aqua\/wp-json\/wp\/v2\/types\/product"}],"wp:featuredmedia":[{"embeddable":true,"href":"https:\/\/www.piscinasadosados.com\/501aqua\/wp-json\/wp\/v2\/media\/583"}],"wp:attachment":[{"href":"https:\/\/www.piscinasadosados.com\/501aqua\/wp-json\/wp\/v2\/media?parent=1440"}],"wp:term":[{"taxonomy":"product_cat","embeddable":true,"href":"https:\/\/www.piscinasadosados.com\/501aqua\/wp-json\/wp\/v2\/product_cat?post=1440"},{"taxonomy":"product_tag","embeddable":true,"href":"https:\/\/www.piscinasadosados.com\/501aqua\/wp-json\/wp\/v2\/product_tag?post=1440"}],"curies":[{"name":"wp","href":"https:\/\/api.w.org\/{rel}","templated":true}]}}