{"id":1454,"date":"2022-03-18T11:46:57","date_gmt":"2022-03-18T11:46:57","guid":{"rendered":"http:\/\/www.piscinasadosados.com\/501aqua\/?post_type=product&#038;p=1454"},"modified":"2022-03-18T11:55:36","modified_gmt":"2022-03-18T11:55:36","slug":"redonda-lili-2-madera-o-280-x-107-cm","status":"publish","type":"product","link":"https:\/\/www.piscinasadosados.com\/501aqua\/producto\/redonda-lili-2-madera-o-280-x-107-cm\/","title":{"rendered":"Redonda Lili 2 madera: \u00d8 280 x 107 cm"},"content":{"rendered":"<div id=\"short_description_block\">\n<h1><span style=\"font-family: Georgia, Georgia, serif; font-weight: inherit; color: #000080;\">Piscina redonda Lili madera:&nbsp;<\/span><span style=\"color: #000080;\">\u00d8 280 x 107 cm<\/span><\/h1>\n<h2><span style=\"color: #ff0000;\"><strong>MONTAJE: <\/strong><\/span><span style=\"color: #000000;\">Ver condiciones en informaci\u00f3n adicional<\/span><\/h2>\n<p><span style=\"color: #000080;\"><strong>Caracter\u00edsticas y equipamiento:<\/strong><\/span><\/p>\n<div id=\"short_description_block\">\n<ul>\n<li><span style=\"color: #000000;\">Piscina redonda de madera de pino silvestre franc\u00e9s.<\/span><\/li>\n<li><span style=\"color: #000000;\">Fabricadas en Francia en pino silvestre franc\u00e9s&nbsp;y con tratamiento en autoclave clase IV que&nbsp;garantiza la resistencia de la madera contra el&nbsp;ataque de insectos y pudrimiento. 10 a\u00f1os de&nbsp;garant\u00eda sobre la madera.<\/span><\/li>\n<li><span style=\"color: #000000;\">Las referencias de la nueva gama de piscinas&nbsp;de madera incluyen todos los componentes&nbsp;necesarios: piscina, depuradora, escalera,&nbsp;protector de pared y fondo, etc. As\u00ed de f\u00e1cil, as\u00ed de&nbsp;r\u00e1pido.<\/span><\/li>\n<li><span style=\"color: #000000;\">Medida exterior: \u00d8 280 x 107 cm<\/span><\/li>\n<li><span style=\"color: #000000;\">Medida interior: \u00d8 242 x 104 cm<br \/>\n<\/span><\/li>\n<li><span style=\"color: #000000;\">Escalera de seguridad plataforma<\/span><\/li>\n<li><span style=\"color: #000000;\">Filtro de 4 m3\/h con 320 g de aqualoon incluidos. Sistema revolucionario de bolitas suaves, destinado para piscinas peque\u00f1as, mayor durabilidad y mayor eficacia de filtraci\u00f3n.<\/span><\/li>\n<li><span style=\"color: #000000;\">Liner de PVC azul de 50\/100<\/span><\/li>\n<\/ul>\n<\/div>\n<h1><span style=\"color: #000080;\">Tabla de piscinas redondas de madera:<\/span><\/h1>\n<p><img loading=\"lazy\" decoding=\"async\" class=\"alignnone size-full wp-image-1013\" src=\"https:\/\/www.piscinasadosados.com\/501aqua\/wp-content\/uploads\/2021\/02\/REDONDAS-2021.png\" alt=\"\" width=\"962\" height=\"1033\" srcset=\"https:\/\/www.piscinasadosados.com\/501aqua\/wp-content\/uploads\/2021\/02\/REDONDAS-2021.png 962w, https:\/\/www.piscinasadosados.com\/501aqua\/wp-content\/uploads\/2021\/02\/REDONDAS-2021-600x644.png 600w, https:\/\/www.piscinasadosados.com\/501aqua\/wp-content\/uploads\/2021\/02\/REDONDAS-2021-279x300.png 279w, https:\/\/www.piscinasadosados.com\/501aqua\/wp-content\/uploads\/2021\/02\/REDONDAS-2021-954x1024.png 954w, https:\/\/www.piscinasadosados.com\/501aqua\/wp-content\/uploads\/2021\/02\/REDONDAS-2021-768x825.png 768w\" sizes=\"(max-width: 962px) 100vw, 962px\" \/><\/p>\n<div id=\"short_description_block\">\n<p>&nbsp;<\/p>\n<\/div>\n<\/div>\n","protected":false},"excerpt":{"rendered":"<p>Piscina redonda Lili madera:&nbsp;\u00d8 280 x 107 cm MONTAJE: Ver condiciones en informaci\u00f3n adicional Caracter\u00edsticas y equipamiento: Piscina redonda de madera de pino silvestre franc\u00e9s. Fabricadas en Francia en pino silvestre franc\u00e9s&nbsp;y con tratamiento en autoclave clase IV que&nbsp;garantiza la resistencia de la madera contra el&nbsp;ataque de insectos y pudrimiento. 10 a\u00f1os de&nbsp;garant\u00eda sobre la [&hellip;]<\/p>\n","protected":false},"featured_media":781,"template":"","meta":{"_coblocks_attr":"","_coblocks_dimensions":"","_coblocks_responsive_height":"","_coblocks_accordion_ie_support":"","ngg_post_thumbnail":0},"product_cat":[19],"product_tag":[],"class_list":{"0":"post-1454","1":"product","2":"type-product","3":"status-publish","4":"has-post-thumbnail","6":"product_cat-piscinas-de-madera","8":"first","9":"instock","10":"taxable","11":"shipping-taxable","12":"purchasable","13":"product-type-variable","14":"czr-hentry"},"_links":{"self":[{"href":"https:\/\/www.piscinasadosados.com\/501aqua\/wp-json\/wp\/v2\/product\/1454"}],"collection":[{"href":"https:\/\/www.piscinasadosados.com\/501aqua\/wp-json\/wp\/v2\/product"}],"about":[{"href":"https:\/\/www.piscinasadosados.com\/501aqua\/wp-json\/wp\/v2\/types\/product"}],"wp:featuredmedia":[{"embeddable":true,"href":"https:\/\/www.piscinasadosados.com\/501aqua\/wp-json\/wp\/v2\/media\/781"}],"wp:attachment":[{"href":"https:\/\/www.piscinasadosados.com\/501aqua\/wp-json\/wp\/v2\/media?parent=1454"}],"wp:term":[{"taxonomy":"product_cat","embeddable":true,"href":"https:\/\/www.piscinasadosados.com\/501aqua\/wp-json\/wp\/v2\/product_cat?post=1454"},{"taxonomy":"product_tag","embeddable":true,"href":"https:\/\/www.piscinasadosados.com\/501aqua\/wp-json\/wp\/v2\/product_tag?post=1454"}],"curies":[{"name":"wp","href":"https:\/\/api.w.org\/{rel}","templated":true}]}}