{"id":1500,"date":"2022-03-18T12:48:36","date_gmt":"2022-03-18T12:48:36","guid":{"rendered":"http:\/\/www.piscinasadosados.com\/501aqua\/?post_type=product&#038;p=1500"},"modified":"2022-03-18T12:53:16","modified_gmt":"2022-03-18T12:53:16","slug":"ovalada-safran-2-madera-620x395x136-cm","status":"publish","type":"product","link":"https:\/\/www.piscinasadosados.com\/501aqua\/producto\/ovalada-safran-2-madera-620x395x136-cm\/","title":{"rendered":"Ovalada Safr\u00e1n 2 madera: 620x395x136 cm"},"content":{"rendered":"<h1><span style=\"font-family: Georgia, Georgia, serif; font-weight: inherit; color: #000080;\">Piscina Ovalada Safr\u00e1n 2 madera: 620x395x136 cm <\/span><\/h1>\n<h2><span style=\"color: #ff0000;\"><strong>MONTAJE: <\/strong><\/span><span style=\"color: #000000;\">Ver condiciones en informaci\u00f3n adicional<\/span><\/h2>\n<p><span style=\"color: #000080;\"><strong>Caracter\u00edsticas y equipamiento:<\/strong><\/span><\/p>\n<div id=\"short_description_block\">\n<ul>\n<li><span style=\"color: #000000;\">Piscina rectangular de madera de pino silvestre franc\u00e9s.<\/span><\/li>\n<li><span style=\"color: #000000;\">Fabricadas en Francia en pino silvestre franc\u00e9s&nbsp;y con tratamiento en autoclave clase IV que&nbsp;garantiza la resistencia de la madera contra el&nbsp;ataque de insectos y pudrimiento. 10 a\u00f1os de&nbsp;garant\u00eda sobre la madera.<\/span><\/li>\n<li><span style=\"color: #000000;\">Las referencias de la nueva gama de piscinas&nbsp;de madera incluyen todos los componentes&nbsp;necesarios: piscina, depuradora, escalera,&nbsp;protector de pared y fondo, etc. As\u00ed de f\u00e1cil, as\u00ed de&nbsp;r\u00e1pido.<\/span><\/li>\n<li><span style=\"color: #000000;\">Medida exterior: 620 x 395 x 136 cm.<\/span><br \/>\n<span style=\"color: #000000;\"> Medida interior: 573 x 348 x 133 cm.<\/span><\/li>\n<li><span style=\"color: #000000;\">Escalera exterior de madera + escalera interior de acero inox<\/span><\/li>\n<li><span style=\"color: #000000;\">Filtraci\u00f3n de 8 m3\/h<\/span><\/li>\n<li><span style=\"color: #000000;\">Liner de PVC azul de 75\/100<\/span><\/li>\n<\/ul>\n<\/div>\n<h1>&nbsp;<\/h1>\n","protected":false},"excerpt":{"rendered":"<p>Piscina Ovalada Safr\u00e1n 2 madera: 620x395x136 cm MONTAJE: Ver condiciones en informaci\u00f3n adicional Caracter\u00edsticas y equipamiento: Piscina rectangular de madera de pino silvestre franc\u00e9s. Fabricadas en Francia en pino silvestre franc\u00e9s&nbsp;y con tratamiento en autoclave clase IV que&nbsp;garantiza la resistencia de la madera contra el&nbsp;ataque de insectos y pudrimiento. 10 a\u00f1os de&nbsp;garant\u00eda sobre la madera. [&hellip;]<\/p>\n","protected":false},"featured_media":563,"template":"","meta":{"_coblocks_attr":"","_coblocks_dimensions":"","_coblocks_responsive_height":"","_coblocks_accordion_ie_support":"","ngg_post_thumbnail":0},"product_cat":[19],"product_tag":[],"class_list":{"0":"post-1500","1":"product","2":"type-product","3":"status-publish","4":"has-post-thumbnail","6":"product_cat-piscinas-de-madera","8":"first","9":"instock","10":"taxable","11":"shipping-taxable","12":"purchasable","13":"product-type-variable","14":"czr-hentry"},"_links":{"self":[{"href":"https:\/\/www.piscinasadosados.com\/501aqua\/wp-json\/wp\/v2\/product\/1500"}],"collection":[{"href":"https:\/\/www.piscinasadosados.com\/501aqua\/wp-json\/wp\/v2\/product"}],"about":[{"href":"https:\/\/www.piscinasadosados.com\/501aqua\/wp-json\/wp\/v2\/types\/product"}],"wp:featuredmedia":[{"embeddable":true,"href":"https:\/\/www.piscinasadosados.com\/501aqua\/wp-json\/wp\/v2\/media\/563"}],"wp:attachment":[{"href":"https:\/\/www.piscinasadosados.com\/501aqua\/wp-json\/wp\/v2\/media?parent=1500"}],"wp:term":[{"taxonomy":"product_cat","embeddable":true,"href":"https:\/\/www.piscinasadosados.com\/501aqua\/wp-json\/wp\/v2\/product_cat?post=1500"},{"taxonomy":"product_tag","embeddable":true,"href":"https:\/\/www.piscinasadosados.com\/501aqua\/wp-json\/wp\/v2\/product_tag?post=1500"}],"curies":[{"name":"wp","href":"https:\/\/api.w.org\/{rel}","templated":true}]}}